{"id":145,"date":"2012-04-28T21:26:19","date_gmt":"2012-04-28T19:26:19","guid":{"rendered":"http:\/\/druck-pfund.de\/?page_id=145"},"modified":"2024-02-22T09:07:30","modified_gmt":"2024-02-22T08:07:30","slug":"ihr-weg-zu-uns","status":"publish","type":"page","link":"http:\/\/druck-pfund.de\/?page_id=145","title":{"rendered":"Ihr Weg zu uns"},"content":{"rendered":"<p>Sie finden uns im Herzen von Alzey (Antoniterstra\u00dfe 69). Der Zugang ist ebenfalls \u00fcber den Eingang in der Weinrufstra\u00dfe 1a m\u00f6glich. Wir freuen uns auf Ihren Besuch!<\/p>\n","protected":false},"excerpt":{"rendered":"<p>Sie finden uns im Herzen von Alzey (Antoniterstra\u00dfe 69). Der Zugang ist ebenfalls \u00fcber den Eingang in der Weinrufstra\u00dfe 1a m\u00f6glich. Wir freuen uns auf Ihren Besuch!<\/p>\n","protected":false},"author":1,"featured_media":0,"parent":0,"menu_order":0,"comment_status":"closed","ping_status":"closed","template":"","meta":{"footnotes":""},"yoast_head":"<!-- This site is optimized with the Yoast SEO plugin v22.1 - https:\/\/yoast.com\/wordpress\/plugins\/seo\/ -->\n<title>Ihr Weg zu uns - Druckerei R. Pfund GmbH<\/title>\n<meta name=\"robots\" content=\"index, follow, max-snippet:-1, max-image-preview:large, max-video-preview:-1\" \/>\n<link rel=\"canonical\" href=\"http:\/\/druck-pfund.de\/?page_id=145\" \/>\n<meta property=\"og:locale\" content=\"de_DE\" \/>\n<meta property=\"og:type\" content=\"article\" \/>\n<meta property=\"og:title\" content=\"Ihr Weg zu uns - Druckerei R. Pfund GmbH\" \/>\n<meta property=\"og:description\" content=\"Sie finden uns im Herzen von Alzey (Antoniterstra\u00dfe 69). Der Zugang ist ebenfalls \u00fcber den Eingang in der Weinrufstra\u00dfe 1a m\u00f6glich. Wir freuen uns auf Ihren Besuch!\" \/>\n<meta property=\"og:url\" content=\"http:\/\/druck-pfund.de\/?page_id=145\" \/>\n<meta property=\"og:site_name\" content=\"Druckerei R. Pfund GmbH\" \/>\n<meta property=\"article:modified_time\" content=\"2024-02-22T08:07:30+00:00\" \/>\n<meta name=\"twitter:label1\" content=\"Gesch\u00e4tzte Lesezeit\" \/>\n\t<meta name=\"twitter:data1\" content=\"1\u00a0Minute\" \/>\n<script type=\"application\/ld+json\" class=\"yoast-schema-graph\">{\"@context\":\"https:\/\/schema.org\",\"@graph\":[{\"@type\":\"WebPage\",\"@id\":\"http:\/\/druck-pfund.de\/?page_id=145\",\"url\":\"http:\/\/druck-pfund.de\/?page_id=145\",\"name\":\"Ihr Weg zu uns - Druckerei R. Pfund GmbH\",\"isPartOf\":{\"@id\":\"http:\/\/druck-pfund.de\/#website\"},\"datePublished\":\"2012-04-28T19:26:19+00:00\",\"dateModified\":\"2024-02-22T08:07:30+00:00\",\"inLanguage\":\"de\",\"potentialAction\":[{\"@type\":\"ReadAction\",\"target\":[\"http:\/\/druck-pfund.de\/?page_id=145\"]}]},{\"@type\":\"WebSite\",\"@id\":\"http:\/\/druck-pfund.de\/#website\",\"url\":\"http:\/\/druck-pfund.de\/\",\"name\":\"Druckerei R. Pfund GmbH\",\"description\":\"Seit \u00fcber 110 Jahren IHRE Druckerei in Alzey!\",\"potentialAction\":[{\"@type\":\"SearchAction\",\"target\":{\"@type\":\"EntryPoint\",\"urlTemplate\":\"http:\/\/druck-pfund.de\/?s={search_term_string}\"},\"query-input\":\"required name=search_term_string\"}],\"inLanguage\":\"de\"}]}<\/script>\n<!-- \/ Yoast SEO plugin. -->","yoast_head_json":{"title":"Ihr Weg zu uns - Druckerei R. Pfund GmbH","robots":{"index":"index","follow":"follow","max-snippet":"max-snippet:-1","max-image-preview":"max-image-preview:large","max-video-preview":"max-video-preview:-1"},"canonical":"http:\/\/druck-pfund.de\/?page_id=145","og_locale":"de_DE","og_type":"article","og_title":"Ihr Weg zu uns - Druckerei R. Pfund GmbH","og_description":"Sie finden uns im Herzen von Alzey (Antoniterstra\u00dfe 69). Der Zugang ist ebenfalls \u00fcber den Eingang in der Weinrufstra\u00dfe 1a m\u00f6glich. Wir freuen uns auf Ihren Besuch!","og_url":"http:\/\/druck-pfund.de\/?page_id=145","og_site_name":"Druckerei R. Pfund GmbH","article_modified_time":"2024-02-22T08:07:30+00:00","twitter_misc":{"Gesch\u00e4tzte Lesezeit":"1\u00a0Minute"},"schema":{"@context":"https:\/\/schema.org","@graph":[{"@type":"WebPage","@id":"http:\/\/druck-pfund.de\/?page_id=145","url":"http:\/\/druck-pfund.de\/?page_id=145","name":"Ihr Weg zu uns - Druckerei R. Pfund GmbH","isPartOf":{"@id":"http:\/\/druck-pfund.de\/#website"},"datePublished":"2012-04-28T19:26:19+00:00","dateModified":"2024-02-22T08:07:30+00:00","inLanguage":"de","potentialAction":[{"@type":"ReadAction","target":["http:\/\/druck-pfund.de\/?page_id=145"]}]},{"@type":"WebSite","@id":"http:\/\/druck-pfund.de\/#website","url":"http:\/\/druck-pfund.de\/","name":"Druckerei R. Pfund GmbH","description":"Seit \u00fcber 110 Jahren IHRE Druckerei in Alzey!","potentialAction":[{"@type":"SearchAction","target":{"@type":"EntryPoint","urlTemplate":"http:\/\/druck-pfund.de\/?s={search_term_string}"},"query-input":"required name=search_term_string"}],"inLanguage":"de"}]}},"_links":{"self":[{"href":"http:\/\/druck-pfund.de\/index.php?rest_route=\/wp\/v2\/pages\/145"}],"collection":[{"href":"http:\/\/druck-pfund.de\/index.php?rest_route=\/wp\/v2\/pages"}],"about":[{"href":"http:\/\/druck-pfund.de\/index.php?rest_route=\/wp\/v2\/types\/page"}],"author":[{"embeddable":true,"href":"http:\/\/druck-pfund.de\/index.php?rest_route=\/wp\/v2\/users\/1"}],"replies":[{"embeddable":true,"href":"http:\/\/druck-pfund.de\/index.php?rest_route=%2Fwp%2Fv2%2Fcomments&post=145"}],"version-history":[{"count":18,"href":"http:\/\/druck-pfund.de\/index.php?rest_route=\/wp\/v2\/pages\/145\/revisions"}],"predecessor-version":[{"id":182,"href":"http:\/\/druck-pfund.de\/index.php?rest_route=\/wp\/v2\/pages\/145\/revisions\/182"}],"wp:attachment":[{"href":"http:\/\/druck-pfund.de\/index.php?rest_route=%2Fwp%2Fv2%2Fmedia&parent=145"}],"curies":[{"name":"wp","href":"https:\/\/api.w.org\/{rel}","templated":true}]}}